{"id":715,"date":"2022-07-11T13:21:01","date_gmt":"2022-07-11T11:21:01","guid":{"rendered":"https:\/\/lejardinsurleau.com\/?page_id=715"},"modified":"2025-12-16T19:19:06","modified_gmt":"2025-12-16T18:19:06","slug":"l-aire-de-repos","status":"publish","type":"page","link":"https:\/\/lejardinsurleau.com\/en\/l-aire-de-repos\/","title":{"rendered":"L&rsquo;aire de repos"},"content":{"rendered":"<p>[et_pb_section fb_built=\u00a0\u00bb1&Prime; admin_label=\u00a0\u00bbHeader\u00a0\u00bb _builder_version=\u00a0\u00bb4.17.4&Prime; use_background_color_gradient=\u00a0\u00bbon\u00a0\u00bb background_color_gradient_type=\u00a0\u00bbcircular\u00a0\u00bb background_color_gradient_direction_radial=\u00a0\u00bbtop left\u00a0\u00bb background_color_gradient_stops=\u00a0\u00bbrgba(255,255,255,0.89) 30%|rgba(255,255,255,0) 80%\u00a0\u00bb background_color_gradient_overlays_image=\u00a0\u00bbon\u00a0\u00bb background_color_gradient_start=\u00a0\u00bbrgba(255,255,255,0.89)\u00a0\u00bb background_color_gradient_start_position=\u00a0\u00bb30%\u00a0\u00bb background_color_gradient_end=\u00a0\u00bbrgba(255,255,255,0)\u00a0\u00bb background_color_gradient_end_position=\u00a0\u00bb80%\u00a0\u00bb background_image=\u00a0\u00bbhttps:\/\/lejardinsurleau.com\/wp-content\/uploads\/2022\/07\/1034-scaled.jpg\u00a0\u00bb custom_padding=\u00a0\u00bb8vw|0px|0|0px|false|false\u00a0\u00bb global_colors_info=\u00a0\u00bb{}\u00a0\u00bb][et_pb_row _builder_version=\u00a0\u00bb4.16&Prime; global_colors_info=\u00a0\u00bb{}\u00a0\u00bb][et_pb_column type=\u00a0\u00bb4_4&Prime; _builder_version=\u00a0\u00bb4.16&Prime; custom_padding=\u00a0\u00bb|||\u00a0\u00bb global_colors_info=\u00a0\u00bb{}\u00a0\u00bb custom_padding__hover=\u00a0\u00bb|||\u00a0\u00bb][et_pb_text _builder_version=\u00a0\u00bb4.17.4&Prime; text_font=\u00a0\u00bb||||||||\u00a0\u00bb header_font=\u00a0\u00bbRaleway|700|||||||\u00a0\u00bb header_font_size=\u00a0\u00bb80px\u00a0\u00bb header_line_height=\u00a0\u00bb1.2em\u00a0\u00bb header_5_font=\u00a0\u00bbRaleway|700||on|||||\u00a0\u00bb header_5_text_color=\u00a0\u00bb#000000&Prime; header_5_font_size=\u00a0\u00bb20px\u00a0\u00bb header_5_letter_spacing=\u00a0\u00bb0.5em\u00a0\u00bb header_5_line_height=\u00a0\u00bb1.8em\u00a0\u00bb animation_style=\u00a0\u00bbzoom\u00a0\u00bb animation_intensity_zoom=\u00a0\u00bb5%\u00a0\u00bb header_font_size_tablet=\u00a0\u00bb48px\u00a0\u00bb header_font_size_phone=\u00a0\u00bb32px\u00a0\u00bb header_font_size_last_edited=\u00a0\u00bbon|phone\u00a0\u00bb header_5_font_size_tablet=\u00a0\u00bb14px\u00a0\u00bb header_5_font_size_phone=\u00a0\u00bb12px\u00a0\u00bb header_5_font_size_last_edited=\u00a0\u00bbon|desktop\u00a0\u00bb global_colors_info=\u00a0\u00bb{}\u00a0\u00bb]<\/p>\n<h5>Our G\u00cete<\/h5>\n<h1>L\u2019Aire de repos<\/h1>\n<p>[\/et_pb_text][\/et_pb_column][\/et_pb_row][et_pb_row use_custom_gutter=\u00a0\u00bbon\u00a0\u00bb gutter_width=\u00a0\u00bb4&Prime; make_equal=\u00a0\u00bbon\u00a0\u00bb custom_padding_last_edited=\u00a0\u00bbon|desktop\u00a0\u00bb _builder_version=\u00a0\u00bb4.17.4&Prime; background_color=\u00a0\u00bb#ffffff\u00a0\u00bb width=\u00a0\u00bb100%\u00a0\u00bb max_width=\u00a0\u00bb100%\u00a0\u00bb module_alignment=\u00a0\u00bbleft\u00a0\u00bb custom_margin=\u00a0\u00bb8vw||||false\u00a0\u00bb custom_padding=\u00a0\u00bb0|0px|0px|15vw|false|false\u00a0\u00bb custom_padding_tablet=\u00a0\u00bb|||10vw\u00a0\u00bb custom_padding_phone=\u00a0\u00bb\u00a0\u00bb animation_style=\u00a0\u00bbslide\u00a0\u00bb animation_direction=\u00a0\u00bbleft\u00a0\u00bb animation_intensity_slide=\u00a0\u00bb5%\u00a0\u00bb use_custom_width=\u00a0\u00bbon\u00a0\u00bb width_unit=\u00a0\u00bboff\u00a0\u00bb custom_width_percent=\u00a0\u00bb90%\u00a0\u00bb locked=\u00a0\u00bboff\u00a0\u00bb global_colors_info=\u00a0\u00bb{}\u00a0\u00bb][et_pb_column type=\u00a0\u00bb4_4&Prime; _builder_version=\u00a0\u00bb4.16&Prime; custom_padding=\u00a0\u00bb74px|||\u00a0\u00bb custom_padding_tablet=\u00a0\u00bb40px|||\u00a0\u00bb custom_padding_phone=\u00a0\u00bb20px|||\u00a0\u00bb custom_padding_last_edited=\u00a0\u00bboff|desktop\u00a0\u00bb global_colors_info=\u00a0\u00bb{}\u00a0\u00bb padding_phone=\u00a0\u00bb20px|||\u00a0\u00bb padding_tablet=\u00a0\u00bb40px|||\u00a0\u00bb padding_last_edited=\u00a0\u00bboff|desktop\u00a0\u00bb custom_padding__hover=\u00a0\u00bb|||\u00a0\u00bb][\/et_pb_column][\/et_pb_row][\/et_pb_section][et_pb_section fb_built=\u00a0\u00bb1&Prime; admin_label=\u00a0\u00bbRoom Details\u00a0\u00bb _builder_version=\u00a0\u00bb4.16&Prime; global_colors_info=\u00a0\u00bb{}\u00a0\u00bb][et_pb_row column_structure=\u00a0\u00bb3_5,2_5&Prime; _builder_version=\u00a0\u00bb4.16&Prime; global_colors_info=\u00a0\u00bb{}\u00a0\u00bb][et_pb_column type=\u00a0\u00bb3_5&Prime; _builder_version=\u00a0\u00bb4.16&Prime; custom_padding=\u00a0\u00bb|||\u00a0\u00bb global_colors_info=\u00a0\u00bb{}\u00a0\u00bb custom_padding__hover=\u00a0\u00bb|||\u00a0\u00bb][et_pb_text _builder_version=\u00a0\u00bb4.17.4&Prime; text_font=\u00a0\u00bb||||||||\u00a0\u00bb text_font_size=\u00a0\u00bb16px\u00a0\u00bb text_line_height=\u00a0\u00bb2em\u00a0\u00bb header_font=\u00a0\u00bb||||||||\u00a0\u00bb header_2_font=\u00a0\u00bbRaleway|700|||||||\u00a0\u00bb header_2_font_size=\u00a0\u00bb50px\u00a0\u00bb header_2_line_height=\u00a0\u00bb1.2em\u00a0\u00bb header_6_font=\u00a0\u00bbRaleway|700||on|||||\u00a0\u00bb header_6_font_size=\u00a0\u00bb16px\u00a0\u00bb header_6_letter_spacing=\u00a0\u00bb5px\u00a0\u00bb header_6_line_height=\u00a0\u00bb1.2em\u00a0\u00bb max_width=\u00a0\u00bb700px\u00a0\u00bb max_width_last_edited=\u00a0\u00bboff|desktop\u00a0\u00bb header_2_font_size_tablet=\u00a0\u00bb35px\u00a0\u00bb header_2_font_size_phone=\u00a0\u00bb25px\u00a0\u00bb header_2_font_size_last_edited=\u00a0\u00bbon|phone\u00a0\u00bb global_colors_info=\u00a0\u00bb{}\u00a0\u00bb]<\/p>\n<h2>The G\u00eete<\/h2>\n<p><i><span>We wholeheartedly welcome you in our home in the guest space dedicated to the pilgrims which consists of two shared rooms, a living room with books in multiple languages, board games and guitars, free access to a fully equipped kitchen and multiple bathrooms. We will share our meals with you in the garden when weather allows it.<\/span><\/i><\/p>\n<p><strong><span style=\"font-family: Helvetica, serif;\"><i>Of course, pilgrims can book a private room\u00a0<\/i><\/span><\/strong><span style=\"font-family: Helvetica, serif;\"><strong><i>if they wish.<\/i> \ud83d\ude09<\/strong><br \/><\/span><span style=\"font-family: Helvetica, serif;\"><\/span><\/p>\n<p><em>Your luggages and bags carried by you or brought by companies do not go into the rooms. They have a dedicated space in the basement and baskets are available to bring your personal belongings up.<\/em><span style=\"font-family: Helvetica, serif;\"><\/span><\/p>\n<p><span style=\"font-family: Helvetica, serif;\"><\/span><\/p>\n<p>[\/et_pb_text][et_pb_text _builder_version=\u00a0\u00bb4.27.0&Prime; _module_preset=\u00a0\u00bbdefault\u00a0\u00bb text_font=\u00a0\u00bb|600|||||||\u00a0\u00bb text_font_size=\u00a0\u00bb16px\u00a0\u00bb header_2_font=\u00a0\u00bbMontserrat|600|||||||\u00a0\u00bb hover_enabled=\u00a0\u00bb0&Prime; global_colors_info=\u00a0\u00bb{}\u00a0\u00bb sticky_enabled=\u00a0\u00bb0&Prime;]<\/p>\n<h2><i><span>Prices :<\/span><\/i><\/h2>\n<p><em>42\u20ac la demi-pension<\/em><br \/><em>( ou 18\u20ac la nuit\u00e9e, 24\u20ac avec petit-d\u00e9jeuner, 18\u20ac le repas )<\/em><br \/><em>1,15\u20ac tourist tax\u00a0<\/em><\/p>\n<p>[\/et_pb_text][\/et_pb_column][et_pb_column type=\u00a0\u00bb2_5&Prime; _builder_version=\u00a0\u00bb4.16&Prime; custom_padding=\u00a0\u00bb|||\u00a0\u00bb global_colors_info=\u00a0\u00bb{}\u00a0\u00bb custom_padding__hover=\u00a0\u00bb|||\u00a0\u00bb][et_pb_text _builder_version=\u00a0\u00bb4.17.4&Prime; header_4_font=\u00a0\u00bbRaleway|700|||||||\u00a0\u00bb header_4_font_size=\u00a0\u00bb20px\u00a0\u00bb header_4_line_height=\u00a0\u00bb1.4em\u00a0\u00bb global_colors_info=\u00a0\u00bb{}\u00a0\u00bb]<\/p>\n<p><i><span>Opening from <strong>14 h 30<\/strong> every day<\/span><\/i><\/p>\n<p><i><span><\/span><\/i><\/p>\n<h3><strong>We offer you :<\/strong><\/h3>\n<ul>\n<li>a welcome drink<\/li>\n<li>wifi everywhere in the house<\/li>\n<li>a foot spa<\/li>\n<li>individual alcoves (4 to 5 people per room)<\/li>\n<li>shoe dryer<\/li>\n<\/ul>\n<p>[\/et_pb_text][et_pb_text _builder_version=\u00a0\u00bb4.17.4&Prime; _module_preset=\u00a0\u00bbdefault\u00a0\u00bb global_colors_info=\u00a0\u00bb{}\u00a0\u00bb]<\/p>\n<p>For all questions and reservations, please call us at <strong>07 49 650 427<\/strong> or write us a message at <strong>lejardinsurleau@gmail.com<\/strong><\/p>\n<p>[\/et_pb_text][\/et_pb_column][\/et_pb_row][et_pb_row _builder_version=\u00a0\u00bb4.16&Prime; _module_preset=\u00a0\u00bbdefault\u00a0\u00bb global_colors_info=\u00a0\u00bb{}\u00a0\u00bb][et_pb_column type=\u00a0\u00bb4_4&Prime; _builder_version=\u00a0\u00bb4.16&Prime; _module_preset=\u00a0\u00bbdefault\u00a0\u00bb global_colors_info=\u00a0\u00bb{}\u00a0\u00bb][et_pb_text _builder_version=\u00a0\u00bb4.17.4&Prime; _module_preset=\u00a0\u00bbdefault\u00a0\u00bb global_colors_info=\u00a0\u00bb{}\u00a0\u00bb]<\/p>\n<!-- Final Tiles Grid Gallery for WordPress v3.6.6 free --><style>#ftg-44 .tile .icon { color:#ffffff; }#ftg-44 .ftg-items .loading-bar i { background:#666; }#ftg-44 .ftg-items .loading-bar { background:#fff; }#ftg-44 .tile .icon { font-size:12px; }#ftg-44 .tile .icon { margin: -6px 0 0 -6px; }#ftg-44 .tile .caption-block .text-wrapper span.text { font-size:12px; }#ftg-44 .tile .caption-outside .text-wrapper span.text { font-size:12px; }#ftg-44 .tile .caption-block .text-wrapper span.title { font-size:14px; }#ftg-44 .tile .caption-outside .text-wrapper span.title { font-size:14px; }#ftg-44 .tile { background-color: transparent; }#ftg-44 .tile .caption-block .text-wrapper span.text { color: #ffffff; }#ftg-44 .tile .caption-block .text-wrapper span.title { color: #ffffff; }#ftg-44 .tile .caption-outside .text-wrapper span.text { color: #ffffff; }#ftg-44 .tile .caption-outside .text-wrapper span.title { color: #ffffff; }#ftg-44 .tile .ftg-social a { color: #ffffff; }#ftg-44 .tile .caption-block { transition-duration:0.25s; }#ftg-44 .tile .tile-inner:before { background-color: #000000; }#ftg-44 .tile .tile-inner:before { background-color: rgba(0, 0, 0, 0.8); }#ftg-44 .tile:hover img {-moz-transform: -moz-rotate(0deg) -moz-scale(0) ;-webkit-transform: -webkit-rotate(0deg) -webkit-scale(0) ;-o-transform: -o-rotate(0deg) -o-scale(0) ;-ms-transform: -ms-rotate(0deg) -ms-scale(0) ;transform: rotate(0deg) scale(0) ;}<\/style><a name=\"4\"><\/a><div class=\"final-tiles-gallery  ftg-hover-enabled caption-inside  caption-none caption-middle caption-center\" id=\"ftg-44\" style=\"width: 100%\"><div class='ftg-items'><div class='loading-bar'><i><\/i><\/div><div  class='tile ftg-preload'><a title=\"\" data-lightbox='ftg-44' rel='ftg-44'  class='tile-inner  ftg-lightbox' href='https:\/\/lejardinsurleau.com\/wp-content\/uploads\/2022\/07\/1024-1024x683.jpg' ><img alt='' class='item skip-lazy' data-class='item' data-ftg-source='https:\/\/lejardinsurleau.com\/wp-content\/uploads\/2022\/07\/1024-1024x683.jpg' src='https:\/\/lejardinsurleau.com\/wp-content\/uploads\/2022\/07\/1024-1024x683.jpg' width='1024' height='683' \/><\/a><div class='ftg-social'><\/div><\/div><div  class='tile ftg-preload'><a title=\"\" data-lightbox='ftg-44' rel='ftg-44'  class='tile-inner  ftg-lightbox' href='https:\/\/lejardinsurleau.com\/wp-content\/uploads\/2022\/07\/1025-1024x683.jpg' ><img alt='' class='item skip-lazy' data-class='item' data-ftg-source='https:\/\/lejardinsurleau.com\/wp-content\/uploads\/2022\/07\/1025-1024x683.jpg' src='https:\/\/lejardinsurleau.com\/wp-content\/uploads\/2022\/07\/1025-1024x683.jpg' width='1024' height='683' \/><\/a><div class='ftg-social'><\/div><\/div><div  class='tile ftg-preload'><a title=\"\" data-lightbox='ftg-44' rel='ftg-44'  class='tile-inner  ftg-lightbox' href='https:\/\/lejardinsurleau.com\/wp-content\/uploads\/2022\/07\/1029-1024x683.jpg' ><img alt='' class='item skip-lazy' data-class='item' data-ftg-source='https:\/\/lejardinsurleau.com\/wp-content\/uploads\/2022\/07\/1029-1024x683.jpg' src='https:\/\/lejardinsurleau.com\/wp-content\/uploads\/2022\/07\/1029-1024x683.jpg' width='1024' height='683' \/><\/a><div class='ftg-social'><\/div><\/div><div  class='tile ftg-preload'><a title=\"\" data-lightbox='ftg-44' rel='ftg-44'  class='tile-inner  ftg-lightbox' href='https:\/\/lejardinsurleau.com\/wp-content\/uploads\/2022\/07\/1030-1024x683.jpg' ><img alt='' class='item skip-lazy' data-class='item' data-ftg-source='https:\/\/lejardinsurleau.com\/wp-content\/uploads\/2022\/07\/1030-1024x683.jpg' src='https:\/\/lejardinsurleau.com\/wp-content\/uploads\/2022\/07\/1030-1024x683.jpg' width='1024' height='683' \/><\/a><div class='ftg-social'><\/div><\/div><div  class='tile ftg-preload'><a title=\"\" data-lightbox='ftg-44' rel='ftg-44'  class='tile-inner  ftg-lightbox' href='https:\/\/lejardinsurleau.com\/wp-content\/uploads\/2022\/07\/1031-1024x683.jpg' ><img alt='' class='item skip-lazy' data-class='item' data-ftg-source='https:\/\/lejardinsurleau.com\/wp-content\/uploads\/2022\/07\/1031-1024x683.jpg' src='https:\/\/lejardinsurleau.com\/wp-content\/uploads\/2022\/07\/1031-1024x683.jpg' width='1024' height='683' \/><\/a><div class='ftg-social'><\/div><\/div><div  class='tile ftg-preload'><a title=\"\" data-lightbox='ftg-44' rel='ftg-44'  class='tile-inner  ftg-lightbox' href='https:\/\/lejardinsurleau.com\/wp-content\/uploads\/2022\/07\/1034-1-1024x683.jpg' ><img alt='' class='item skip-lazy' data-class='item' data-ftg-source='https:\/\/lejardinsurleau.com\/wp-content\/uploads\/2022\/07\/1034-1-1024x683.jpg' src='https:\/\/lejardinsurleau.com\/wp-content\/uploads\/2022\/07\/1034-1-1024x683.jpg' width='1024' height='683' \/><\/a><div class='ftg-social'><\/div><\/div><div  class='tile ftg-preload'><a title=\"\" data-lightbox='ftg-44' rel='ftg-44'  class='tile-inner  ftg-lightbox' href='https:\/\/lejardinsurleau.com\/wp-content\/uploads\/2022\/07\/1035-1024x683.jpg' ><img alt='' class='item skip-lazy' data-class='item' data-ftg-source='https:\/\/lejardinsurleau.com\/wp-content\/uploads\/2022\/07\/1035-1024x683.jpg' src='https:\/\/lejardinsurleau.com\/wp-content\/uploads\/2022\/07\/1035-1024x683.jpg' width='1024' height='683' \/><\/a><div class='ftg-social'><\/div><\/div><div  class='tile ftg-preload'><a title=\"\" data-lightbox='ftg-44' rel='ftg-44'  class='tile-inner  ftg-lightbox' href='https:\/\/lejardinsurleau.com\/wp-content\/uploads\/2022\/07\/1036-950x1024.jpg' ><img alt='' class='item skip-lazy' data-class='item' data-ftg-source='https:\/\/lejardinsurleau.com\/wp-content\/uploads\/2022\/07\/1036-950x1024.jpg' src='https:\/\/lejardinsurleau.com\/wp-content\/uploads\/2022\/07\/1036-950x1024.jpg' width='950' height='1024' \/><\/a><div class='ftg-social'><\/div><\/div><div  class='tile ftg-preload'><a title=\"\" data-lightbox='ftg-44' rel='ftg-44'  class='tile-inner  ftg-lightbox' href='https:\/\/lejardinsurleau.com\/wp-content\/uploads\/2022\/07\/1038-1024x685.jpg' ><img alt='' class='item skip-lazy' data-class='item' data-ftg-source='https:\/\/lejardinsurleau.com\/wp-content\/uploads\/2022\/07\/1038-1024x685.jpg' src='https:\/\/lejardinsurleau.com\/wp-content\/uploads\/2022\/07\/1038-1024x685.jpg' width='1024' height='685' \/><\/a><div class='ftg-social'><\/div><\/div><div  class='tile ftg-preload'><a title=\"\" data-lightbox='ftg-44' rel='ftg-44'  class='tile-inner  ftg-lightbox' href='https:\/\/lejardinsurleau.com\/wp-content\/uploads\/2022\/07\/1039-1024x683.jpg' ><img alt='' class='item skip-lazy' data-class='item' data-ftg-source='https:\/\/lejardinsurleau.com\/wp-content\/uploads\/2022\/07\/1039-1024x683.jpg' src='https:\/\/lejardinsurleau.com\/wp-content\/uploads\/2022\/07\/1039-1024x683.jpg' width='1024' height='683' \/><\/a><div class='ftg-social'><\/div><\/div><div  class='tile ftg-preload'><a title=\"\" data-lightbox='ftg-44' rel='ftg-44'  class='tile-inner  ftg-lightbox' href='https:\/\/lejardinsurleau.com\/wp-content\/uploads\/2022\/07\/1043-1024x683.jpg' ><img alt='' class='item skip-lazy' data-class='item' data-ftg-source='https:\/\/lejardinsurleau.com\/wp-content\/uploads\/2022\/07\/1043-1024x683.jpg' src='https:\/\/lejardinsurleau.com\/wp-content\/uploads\/2022\/07\/1043-1024x683.jpg' width='1024' height='683' \/><\/a><div class='ftg-social'><\/div><\/div><div  class='tile ftg-preload'><a title=\"\" data-lightbox='ftg-44' rel='ftg-44'  class='tile-inner  ftg-lightbox' href='https:\/\/lejardinsurleau.com\/wp-content\/uploads\/2022\/07\/Jardin-1024x768.jpg' ><img alt='' class='item skip-lazy' data-class='item' data-ftg-source='https:\/\/lejardinsurleau.com\/wp-content\/uploads\/2022\/07\/Jardin-1024x768.jpg' src='https:\/\/lejardinsurleau.com\/wp-content\/uploads\/2022\/07\/Jardin-1024x768.jpg' width='1024' height='768' \/><\/a><div class='ftg-social'><\/div><\/div><\/div><\/div>\n<p>[\/et_pb_text][\/et_pb_column][\/et_pb_row][\/et_pb_section][et_pb_section fb_built=\u00a0\u00bb1&Prime; disabled_on=\u00a0\u00bbon|on|on\u00a0\u00bb admin_label=\u00a0\u00bbTestimonials\u00a0\u00bb _builder_version=\u00a0\u00bb4.17.4&Prime; use_background_color_gradient=\u00a0\u00bbon\u00a0\u00bb background_color_gradient_stops=\u00a0\u00bbrgba(106,125,140,0.5) 0%|#6a7d8c 100%\u00a0\u00bb background_color_gradient_overlays_image=\u00a0\u00bbon\u00a0\u00bb background_color_gradient_start=\u00a0\u00bbrgba(106,125,140,0.5)\u00a0\u00bb background_color_gradient_end=\u00a0\u00bb#6a7d8c\u00a0\u00bb background_image=\u00a0\u00bbhttps:\/\/lejardinsurleau.com\/wp-content\/uploads\/2022\/04\/1062-scaled.jpg\u00a0\u00bb custom_padding=\u00a0\u00bb8vw|0px|8vw|0px|true|false\u00a0\u00bb disabled=\u00a0\u00bbon\u00a0\u00bb global_colors_info=\u00a0\u00bb{}\u00a0\u00bb][et_pb_row _builder_version=\u00a0\u00bb4.16&Prime; global_colors_info=\u00a0\u00bb{}\u00a0\u00bb][et_pb_column type=\u00a0\u00bb4_4&Prime; _builder_version=\u00a0\u00bb4.16&Prime; custom_padding=\u00a0\u00bb|||\u00a0\u00bb global_colors_info=\u00a0\u00bb{}\u00a0\u00bb custom_padding__hover=\u00a0\u00bb|||\u00a0\u00bb][et_pb_testimonial author=\u00a0\u00bbFlorence TH\u00c9OD\u00a0\u00bb quote_icon=\u00a0\u00bboff\u00a0\u00bb _builder_version=\u00a0\u00bb4.17.6&Prime; body_font=\u00a0\u00bbRaleway||on||||||\u00a0\u00bb body_font_size=\u00a0\u00bb16px\u00a0\u00bb body_line_height=\u00a0\u00bb1.6em\u00a0\u00bb use_background_color=\u00a0\u00bboff\u00a0\u00bb background_layout=\u00a0\u00bbdark\u00a0\u00bb max_width=\u00a0\u00bb600px\u00a0\u00bb module_alignment=\u00a0\u00bbcenter\u00a0\u00bb custom_margin_tablet=\u00a0\u00bb|40px||40px||true\u00a0\u00bb animation_style=\u00a0\u00bbslide\u00a0\u00bb animation_direction=\u00a0\u00bbbottom\u00a0\u00bb animation_intensity_slide=\u00a0\u00bb5%\u00a0\u00bb box_shadow_style_image=\u00a0\u00bbpreset1&Prime; box_shadow_vertical_image=\u00a0\u00bb10px\u00a0\u00bb box_shadow_blur_image=\u00a0\u00bb60px\u00a0\u00bb box_shadow_spread_image=\u00a0\u00bb10px\u00a0\u00bb global_colors_info=\u00a0\u00bb{}\u00a0\u00bb]<\/p>\n<p><span>Une superbe halte sur le chemin, avec un accueil chaleureux de Juliette qui a pens\u00e9 \u00e0 chaque petit d\u00e9tail pour choyer et soulager les marcheurs. Les chambres sont magnifiques, d\u00e9cor\u00e9es avec go\u00fbt et la literie tr\u00e8s confortable. Le jardin est un havre de paix. Nous avons mang\u00e9 un d\u00e9licieux repas et avons m\u00eame termin\u00e9 par quelques notes de musique. Un g\u00eete \u00e0 ne pas manquer !<\/span><\/p>\n<p>[\/et_pb_testimonial][et_pb_testimonial author=\u00a0\u00bbSo Latappy\u00a0\u00bb quote_icon=\u00a0\u00bboff\u00a0\u00bb _builder_version=\u00a0\u00bb4.17.6&Prime; body_font=\u00a0\u00bbRaleway||on||||||\u00a0\u00bb body_font_size=\u00a0\u00bb16px\u00a0\u00bb body_line_height=\u00a0\u00bb1.6em\u00a0\u00bb use_background_color=\u00a0\u00bboff\u00a0\u00bb background_layout=\u00a0\u00bbdark\u00a0\u00bb max_width=\u00a0\u00bb600px\u00a0\u00bb module_alignment=\u00a0\u00bbcenter\u00a0\u00bb custom_margin_tablet=\u00a0\u00bb|40px||40px||true\u00a0\u00bb animation_style=\u00a0\u00bbslide\u00a0\u00bb animation_direction=\u00a0\u00bbbottom\u00a0\u00bb animation_intensity_slide=\u00a0\u00bb5%\u00a0\u00bb box_shadow_style_image=\u00a0\u00bbpreset1&Prime; box_shadow_vertical_image=\u00a0\u00bb10px\u00a0\u00bb box_shadow_blur_image=\u00a0\u00bb60px\u00a0\u00bb box_shadow_spread_image=\u00a0\u00bb10px\u00a0\u00bb locked=\u00a0\u00bboff\u00a0\u00bb global_colors_info=\u00a0\u00bb{}\u00a0\u00bb]<\/p>\n<p><span>Nous avons s\u00e9journ\u00e9, en tant p\u00e8lerines sur le Chemin de Compostelle, dans ce d\u00e9licieux g\u00eete, en dortoir, un dortoir am\u00e9nag\u00e9 comme de petites alc\u00f4ves avec rideau. Nous nous sommes repos\u00e9es dans le jardin, et avons d\u00een\u00e9 \u00e0 l&rsquo;ombre bienvenue des arbres. Juliette est une h\u00f4te adorable et la maison est une merveille!<\/span><\/p>\n<div><\/div>\n<p>[\/et_pb_testimonial][et_pb_testimonial author=\u00a0\u00bbSylvie et Philippe\u00a0\u00bb quote_icon=\u00a0\u00bboff\u00a0\u00bb _builder_version=\u00a0\u00bb4.17.6&Prime; body_font=\u00a0\u00bbRaleway||on||||||\u00a0\u00bb body_font_size=\u00a0\u00bb16px\u00a0\u00bb body_line_height=\u00a0\u00bb1.6em\u00a0\u00bb use_background_color=\u00a0\u00bboff\u00a0\u00bb background_layout=\u00a0\u00bbdark\u00a0\u00bb max_width=\u00a0\u00bb600px\u00a0\u00bb module_alignment=\u00a0\u00bbcenter\u00a0\u00bb custom_margin_tablet=\u00a0\u00bb|40px||40px||true\u00a0\u00bb animation_style=\u00a0\u00bbslide\u00a0\u00bb animation_direction=\u00a0\u00bbbottom\u00a0\u00bb animation_intensity_slide=\u00a0\u00bb5%\u00a0\u00bb box_shadow_style_image=\u00a0\u00bbpreset1&Prime; box_shadow_vertical_image=\u00a0\u00bb10px\u00a0\u00bb box_shadow_blur_image=\u00a0\u00bb60px\u00a0\u00bb box_shadow_spread_image=\u00a0\u00bb10px\u00a0\u00bb locked=\u00a0\u00bboff\u00a0\u00bb global_colors_info=\u00a0\u00bb{}\u00a0\u00bb]<\/p>\n<div><\/div>\n<div><span>Quelle chance d&rsquo;avoir fait halte ici !<\/span><br \/><span>C&rsquo;\u00e9tait le dimanche 11 ao\u00fbt 2024 et le thermom\u00e8tre affichait 38 degr\u00e9s.<\/span><br \/><span>Accueil exceptionnel. Chaleur et bienveillance. Un g\u00eete magnifique, une d\u00e9co bien r\u00e9fl\u00e9chie, un beau jardin&#8230; un bien-\u00eatre imm\u00e9diat. Bravo aussi \u00e0 la chambre dortoir avec les alc\u00f4ves.<\/span><br \/><span>Un repas go\u00fbteux et raffin\u00e9.<\/span><br \/><span>Une belle soir\u00e9e avec une surprise pour les p\u00e8lerins concoct\u00e9e par Juliette.<\/span><br \/><span>Une bonne nuit r\u00e9paratrice.<\/span><br \/><span>Vraiment merci Juliette, de contribuer \u00e0 la r\u00e9ussite de notre chemin.<\/span><br \/><span>On vous souhaite belle suite avec les p\u00e8lerins.<\/span><\/div>\n<p>[\/et_pb_testimonial][\/et_pb_column][\/et_pb_row][\/et_pb_section]<\/p>","protected":false},"excerpt":{"rendered":"<p>Notre g\u00eete L&rsquo;Aire de reposLe G\u00eete Nous vous accueillons chaleureusement dans notre maison o\u00f9 l&rsquo;espace g\u00eete d\u00e9di\u00e9 aux p\u00e8lerins comporte deux chambres partag\u00e9es , une pi\u00e8ce de vie, avec livres en plusieurs langues, jeux de soci\u00e9t\u00e9 et guitares, une cuisine compl\u00e8te qui vous est r\u00e9serv\u00e9e en libre service et plusieurs sanitaires. Nous partageons le repas [&hellip;]<\/p>","protected":false},"author":1,"featured_media":0,"parent":0,"menu_order":0,"comment_status":"closed","ping_status":"closed","template":"","meta":{"_et_pb_use_builder":"on","_et_pb_old_content":"","_et_gb_content_width":"","footnotes":""},"class_list":["post-715","page","type-page","status-publish","hentry"],"_links":{"self":[{"href":"https:\/\/lejardinsurleau.com\/en\/wp-json\/wp\/v2\/pages\/715","targetHints":{"allow":["GET"]}}],"collection":[{"href":"https:\/\/lejardinsurleau.com\/en\/wp-json\/wp\/v2\/pages"}],"about":[{"href":"https:\/\/lejardinsurleau.com\/en\/wp-json\/wp\/v2\/types\/page"}],"author":[{"embeddable":true,"href":"https:\/\/lejardinsurleau.com\/en\/wp-json\/wp\/v2\/users\/1"}],"replies":[{"embeddable":true,"href":"https:\/\/lejardinsurleau.com\/en\/wp-json\/wp\/v2\/comments?post=715"}],"version-history":[{"count":15,"href":"https:\/\/lejardinsurleau.com\/en\/wp-json\/wp\/v2\/pages\/715\/revisions"}],"predecessor-version":[{"id":1211,"href":"https:\/\/lejardinsurleau.com\/en\/wp-json\/wp\/v2\/pages\/715\/revisions\/1211"}],"wp:attachment":[{"href":"https:\/\/lejardinsurleau.com\/en\/wp-json\/wp\/v2\/media?parent=715"}],"curies":[{"name":"wp","href":"https:\/\/api.w.org\/{rel}","templated":true}]}}